{"id":396,"date":"2024-09-17T14:23:47","date_gmt":"2024-09-17T12:23:47","guid":{"rendered":"https:\/\/realzaleprograma.realsociedad.eus\/inicio\/"},"modified":"2024-12-11T13:10:04","modified_gmt":"2024-12-11T12:10:04","slug":"inicio","status":"publish","type":"page","link":"https:\/\/realzaleprograma.realsociedad.eus\/eu\/","title":{"rendered":"Hasiera"},"content":{"rendered":"\n<div class=\"wp-block-uagb-container uagb-block-20f006f8 alignfull uagb-is-root-container\"><div class=\"uagb-container__shape uagb-container__shape-bottom uagb-container__shape-flip uagb-container__invert\" data-negative=\"false\"><svg xmlns=\"https:\/\/www.w3.org\/2000\/svg\" viewBox=\"0 0 1000 100\" preserveAspectRatio=\"none\"><path class=\"uagb-container__shape-fill\" d=\"M0,6V0h1000v100L0,6z\"><\/path><\/svg><\/div><div class=\"uagb-container-inner-blocks-wrap\">\n<figure class=\"wp-block-image aligncenter size-full is-resized\"><img loading=\"lazy\" decoding=\"async\" width=\"336\" height=\"222\" src=\"http:\/\/realzaleprograma.realsociedad.eus\/public\/media\/2024\/09\/cropped-LogoRealzaleNewWhite-edited.png\" alt=\"\" class=\"wp-image-30\" style=\"width:128px;height:auto\" srcset=\"https:\/\/realzaleprograma.realsociedad.eus\/public\/media\/2024\/09\/cropped-LogoRealzaleNewWhite-edited.png 336w, https:\/\/realzaleprograma.realsociedad.eus\/public\/media\/2024\/09\/cropped-LogoRealzaleNewWhite-edited-300x198.png 300w\" sizes=\"auto, (max-width: 336px) 100vw, 336px\" \/><\/figure>\n\n\n\n<h2 class=\"wp-block-heading has-text-align-center venir has-white-color has-text-color has-link-color wp-elements-c8063ab45a97cfc91306023882391f9b\">GEHIAGO ETORTZEA<\/h2>\n\n\n\n<h2 class=\"wp-block-heading has-text-align-center pagar has-white-color has-text-color has-link-color wp-elements-521915b181050be0377cdbcccec7a68e\">GUTXIAGO ORDAINTZEA DA<\/h2>\n\n\n\n<div class=\"wp-block-uagb-buttons uagb-buttons__outer-wrap uagb-btn__default-btn uagb-btn-tablet__default-btn uagb-btn-mobile__default-btn uagb-block-c4b283de\"><div class=\"uagb-buttons__wrap uagb-buttons-layout-wrap \">\n<div class=\"wp-block-uagb-buttons-child uagb-buttons__outer-wrap uagb-block-ee5228a6 wp-block-button\"><div class=\"uagb-button__wrapper\"><a class=\"uagb-buttons-repeater wp-block-button__link\" aria-label=\"\" href=\"http:\/\/realzaleprograma.realsociedad.eus\/eu\/ventajas\" rel=\"follow noopener\" target=\"_self\" role=\"button\"><div class=\"uagb-button__link\">ABANTAILAK<\/div><\/a><\/div><\/div>\n\n\n\n<div class=\"wp-block-uagb-buttons-child uagb-buttons__outer-wrap uagb-block-aad3c49e wp-block-button\"><div class=\"uagb-button__wrapper\"><a class=\"uagb-buttons-repeater wp-block-button__link\" aria-label=\"\" href=\"http:\/\/realzaleprograma.realsociedad.eus\/eu\/nola-funtzionatzen-du\/\" rel=\"follow noopener\" target=\"_self\" role=\"button\"><div class=\"uagb-button__link\">NOLA FUNTZIONATZEN DU?<\/div><\/a><\/div><\/div>\n<\/div><\/div>\n<\/div><\/div>\n\n\n\n<div id=\"ventajas\" class=\"wp-block-uagb-container uagb-block-ebb2f2a7 alignfull uagb-is-root-container\"><div class=\"uagb-container-inner-blocks-wrap\">\n<p class=\"has-text-align-center has-white-color has-text-color has-link-color wp-elements-7def7cc49cdc87bdea9d51ee649da09f\">Kontsumitu Realzale Programaren markak, realzale gisa identifikatu eta puntuak pilatu hilabetez hilabete. Bazkide bazara, Reale Arenara zenbat aldiz joaten zaren kontuan hartuta, zure puntuak euro bihurtuko dira. Lortzen duzun dirua zure kuotagatik gutxiago ordaintzeko erabili dezakezu edo beste realzale bati oparitu diezaiokezu.<\/p>\n\n\n\n<p class=\"has-text-align-center has-white-color has-text-color has-link-color wp-elements-6947337b0fbbe7c3c18c9bf694725010\">Ez dago mugarik!<\/p>\n<\/div><\/div>\n\n\n\n<div id=\"ventajas\" class=\"wp-block-uagb-container uagb-block-ba752646 alignfull uagb-is-root-container\"><div class=\"uagb-container-inner-blocks-wrap\">\n<h2 class=\"wp-block-heading has-text-align-center has-white-color has-text-color has-link-color wp-elements-92286bf4756c69d6a9a70f8eb0d2febe\">SEKTORE BAKOITZAK DITUEN <strong>ABANTAILAK<\/strong> <\/h2>\n\n\n\n<p class=\"has-text-align-center has-white-color has-text-color has-link-color wp-elements-52753104694373d260b74652928c5c45\">Gure familia osoak Realzale Programari etekina ateratzea nahi dugu. Horregatik, gure aliantzak zugan pentsatuz sortzen dira. Puntuak lortzeko modu asko dituzu egunerokoan: zure talde gogokoenaren produktuak erosi, supermerkatuan erosketak egin, gasolina bota, autoa konpondu, kirol-ekipamendua erosi, telebista bat, auto bat edo bizikleta bat erosi\u2026 Zure aseguru medikoa, etxeko asegurua edo ibilgailu asegurua kontratu, argiaren ordainagiria ordaindu, egunkariko harpidetza egin, akademia batean izena eman, oporrak antolatu, Chillida Leku Museoa bisitatu\u2026 <\/p>\n<\/div><\/div>\n\n\n\n<div class=\"wp-block-uagb-container uagb-block-b6752397 alignfull uagb-is-root-container\"><div class=\"owl-carousel\"><img decoding=\"async\" src=\"https:\/\/realzaleprograma.realsociedad.eus\/public\/themes\/maui\/img\/sectores\/eu\/productos.jpg\"><div class=\"item\"><a href=\"https:\/\/realzaleprograma.realsociedad.eus\/eu\/ventajas\/bm-supermerkatuak\/\"><img loading=\"lazy\" decoding=\"async\" width=\"600\" height=\"800\" src=\"https:\/\/realzaleprograma.realsociedad.eus\/public\/media\/2024\/11\/1Y4A3031-2-realzale-programa-600x800.jpg\" class=\"attachment-cpt-featured-image size-cpt-featured-image wp-post-image\" alt=\"1Y4A3031 2 realzale programa\" \/><div class=\"cover\"><\/div><h3>BM Supermerkatuak<\/h3><img decoding=\"async\" class=\"logo\" src=\"https:\/\/realzaleprograma.realsociedad.eus\/public\/media\/2024\/09\/bm-2.png\" alt=\"Logo\"><\/a><\/div><div class=\"item\"><a href=\"https:\/\/realzaleprograma.realsociedad.eus\/eu\/ventajas\/imq\/\"><img loading=\"lazy\" decoding=\"async\" width=\"600\" height=\"800\" src=\"https:\/\/realzaleprograma.realsociedad.eus\/public\/media\/2024\/11\/1Y4A3285-realzale-programa-600x800.jpg\" class=\"attachment-cpt-featured-image size-cpt-featured-image wp-post-image\" alt=\"1Y4A3285 realzale programa\" \/><div class=\"cover\"><\/div><h3>IMQ<\/h3><img decoding=\"async\" class=\"logo\" src=\"https:\/\/realzaleprograma.realsociedad.eus\/public\/media\/2024\/09\/imq.png\" alt=\"Logo\"><\/a><\/div><div class=\"item\"><a href=\"https:\/\/realzaleprograma.realsociedad.eus\/eu\/ventajas\/el-diario-vasco\/\"><img loading=\"lazy\" decoding=\"async\" width=\"600\" height=\"800\" src=\"https:\/\/realzaleprograma.realsociedad.eus\/public\/media\/2024\/11\/1Y4A3165-2-realzale-programa-600x800.jpg\" class=\"attachment-cpt-featured-image size-cpt-featured-image wp-post-image\" alt=\"1Y4A3165 2 realzale programa\" \/><div class=\"cover\"><\/div><h3>El Diario Vasco<\/h3><img decoding=\"async\" class=\"logo\" src=\"https:\/\/realzaleprograma.realsociedad.eus\/public\/media\/2024\/09\/dv.png\" alt=\"Logo\"><\/a><\/div><div class=\"item\"><a href=\"https:\/\/realzaleprograma.realsociedad.eus\/eu\/ventajas\/lg-electronics\/\"><img loading=\"lazy\" decoding=\"async\" width=\"600\" height=\"800\" src=\"https:\/\/realzaleprograma.realsociedad.eus\/public\/media\/2024\/11\/1Y4A3155-realzale-programa-600x800.jpg\" class=\"attachment-cpt-featured-image size-cpt-featured-image wp-post-image\" alt=\"1Y4A3155 realzale programa\" \/><div class=\"cover\"><\/div><h3>LG ELECTRONICS<\/h3><img decoding=\"async\" class=\"logo\" src=\"https:\/\/realzaleprograma.realsociedad.eus\/public\/media\/2024\/09\/lg.png\" alt=\"Logo\"><\/a><\/div><div class=\"item\"><a href=\"https:\/\/realzaleprograma.realsociedad.eus\/eu\/ventajas\/gorla-taldea\/\"><img loading=\"lazy\" decoding=\"async\" width=\"600\" height=\"800\" src=\"https:\/\/realzaleprograma.realsociedad.eus\/public\/media\/2024\/11\/1Y4A3045-realzale-programa-600x800.jpg\" class=\"attachment-cpt-featured-image size-cpt-featured-image wp-post-image\" alt=\"1Y4A3045 realzale programa\" \/><div class=\"cover\"><\/div><h3>Gorla Taldea<\/h3><img decoding=\"async\" class=\"logo\" src=\"https:\/\/realzaleprograma.realsociedad.eus\/public\/media\/2024\/09\/1ff65eb4-0dc8-4963-97e0-b0be92bf3999-1.png\" alt=\"Logo\"><\/a><\/div><div class=\"item\"><a href=\"https:\/\/realzaleprograma.realsociedad.eus\/eu\/ventajas\/la-perla\/\"><img loading=\"lazy\" decoding=\"async\" width=\"600\" height=\"800\" src=\"https:\/\/realzaleprograma.realsociedad.eus\/public\/media\/2024\/11\/1Y4A3237-realzale-programa-600x800.jpg\" class=\"attachment-cpt-featured-image size-cpt-featured-image wp-post-image\" alt=\"1Y4A3237 realzale programa\" \/><div class=\"cover\"><\/div><h3>LA PERLA<\/h3><img decoding=\"async\" class=\"logo\" src=\"https:\/\/realzaleprograma.realsociedad.eus\/public\/media\/2024\/10\/laperla.png\" alt=\"Logo\"><\/a><\/div><div class=\"item\"><a href=\"https:\/\/realzaleprograma.realsociedad.eus\/eu\/ventajas\/swap-energia\/\"><img loading=\"lazy\" decoding=\"async\" width=\"600\" height=\"800\" src=\"https:\/\/realzaleprograma.realsociedad.eus\/public\/media\/2024\/11\/1Y4A3195-realzale-programa-600x800.jpg\" class=\"attachment-cpt-featured-image size-cpt-featured-image wp-post-image\" alt=\"1Y4A3195 realzale programa\" \/><div class=\"cover\"><\/div><h3>SWAP ENERGIA<\/h3><img decoding=\"async\" class=\"logo\" src=\"https:\/\/realzaleprograma.realsociedad.eus\/public\/media\/2024\/10\/SWAP.png\" alt=\"Logo\"><\/a><\/div><div class=\"item\"><a href=\"https:\/\/realzaleprograma.realsociedad.eus\/eu\/ventajas\/rs-store\/\"><img loading=\"lazy\" decoding=\"async\" width=\"600\" height=\"800\" src=\"https:\/\/realzaleprograma.realsociedad.eus\/public\/media\/2024\/09\/IMG_1153-600x800.jpg\" class=\"attachment-cpt-featured-image size-cpt-featured-image wp-post-image\" alt=\"IMG\" \/><div class=\"cover\"><\/div><h3>RS Store<\/h3><img decoding=\"async\" class=\"logo\" src=\"https:\/\/realzaleprograma.realsociedad.eus\/public\/media\/2024\/09\/rs-store.png\" alt=\"Logo\"><\/a><\/div><div class=\"item\"><a href=\"https:\/\/realzaleprograma.realsociedad.eus\/eu\/ventajas\/euskoauto\/\"><img loading=\"lazy\" decoding=\"async\" width=\"600\" height=\"800\" src=\"https:\/\/realzaleprograma.realsociedad.eus\/public\/media\/2024\/11\/1Y4A3037-realzale-programa-600x800.jpg\" class=\"attachment-cpt-featured-image size-cpt-featured-image wp-post-image\" alt=\"1Y4A3037 realzale programa\" \/><div class=\"cover\"><\/div><h3>Euskoauto<\/h3><img decoding=\"async\" class=\"logo\" src=\"https:\/\/realzaleprograma.realsociedad.eus\/public\/media\/2024\/09\/euskoauto.png\" alt=\"Logo\"><\/a><\/div><div class=\"item\"><a href=\"https:\/\/realzaleprograma.realsociedad.eus\/eu\/ventajas\/grupo-repsol\/\"><img loading=\"lazy\" decoding=\"async\" width=\"600\" height=\"800\" src=\"https:\/\/realzaleprograma.realsociedad.eus\/public\/media\/2024\/11\/1Y4A3007-realzale-programa-600x800.jpg\" class=\"attachment-cpt-featured-image size-cpt-featured-image wp-post-image\" alt=\"1Y4A3007 realzale programa\" \/><div class=\"cover\"><\/div><h3>REPSOL<\/h3><img decoding=\"async\" class=\"logo\" src=\"https:\/\/realzaleprograma.realsociedad.eus\/public\/media\/2024\/09\/repsol.png\" alt=\"Logo\"><\/a><\/div><div class=\"item\"><a href=\"https:\/\/realzaleprograma.realsociedad.eus\/eu\/ventajas\/lexus-san-sebastian\/\"><img loading=\"lazy\" decoding=\"async\" width=\"600\" height=\"800\" src=\"https:\/\/realzaleprograma.realsociedad.eus\/public\/media\/2024\/11\/1Y4A3045-realzale-programa-600x800.jpg\" class=\"attachment-cpt-featured-image size-cpt-featured-image wp-post-image\" alt=\"1Y4A3045 realzale programa\" \/><div class=\"cover\"><\/div><h3>Lexus San Sebastian<\/h3><img decoding=\"async\" class=\"logo\" src=\"https:\/\/realzaleprograma.realsociedad.eus\/public\/media\/2025\/10\/lexus-scaled.png\" alt=\"Logo\"><\/a><\/div><div class=\"item\"><a href=\"https:\/\/realzaleprograma.realsociedad.eus\/eu\/ventajas\/alkain\/\"><img loading=\"lazy\" decoding=\"async\" width=\"600\" height=\"800\" src=\"https:\/\/realzaleprograma.realsociedad.eus\/public\/media\/2024\/11\/1Y4A3060-realzale-programa-600x800.jpg\" class=\"attachment-cpt-featured-image size-cpt-featured-image wp-post-image\" alt=\"1Y4A3060 realzale programa\" \/><div class=\"cover\"><\/div><h3>ALKAIN<\/h3><img decoding=\"async\" class=\"logo\" src=\"https:\/\/realzaleprograma.realsociedad.eus\/public\/media\/2024\/10\/ALKAIN.png\" alt=\"Logo\"><\/a><\/div><\/div><\/div>\n\n\n\n<div class=\"wp-block-uagb-container uagb-block-d92b28cc alignfull uagb-is-root-container\"><div class=\"owl-carousel\"><img decoding=\"async\" src=\"https:\/\/realzaleprograma.realsociedad.eus\/public\/themes\/maui\/img\/sectores\/eu\/viajes.jpg\"><div class=\"item\"><a href=\"https:\/\/realzaleprograma.realsociedad.eus\/eu\/ventajas\/gorla-taldea\/\"><img loading=\"lazy\" decoding=\"async\" width=\"600\" height=\"800\" src=\"https:\/\/realzaleprograma.realsociedad.eus\/public\/media\/2024\/11\/1Y4A3045-realzale-programa-600x800.jpg\" class=\"attachment-cpt-featured-image size-cpt-featured-image wp-post-image\" alt=\"1Y4A3045 realzale programa\" \/><div class=\"cover\"><\/div><h3>Gorla Taldea<\/h3><img decoding=\"async\" class=\"logo\" src=\"https:\/\/realzaleprograma.realsociedad.eus\/public\/media\/2024\/09\/1ff65eb4-0dc8-4963-97e0-b0be92bf3999-1.png\" alt=\"Logo\"><\/a><\/div><div class=\"item\"><a href=\"https:\/\/realzaleprograma.realsociedad.eus\/eu\/ventajas\/la-perla\/\"><img loading=\"lazy\" decoding=\"async\" width=\"600\" height=\"800\" src=\"https:\/\/realzaleprograma.realsociedad.eus\/public\/media\/2024\/11\/1Y4A3237-realzale-programa-600x800.jpg\" class=\"attachment-cpt-featured-image size-cpt-featured-image wp-post-image\" alt=\"1Y4A3237 realzale programa\" \/><div class=\"cover\"><\/div><h3>LA PERLA<\/h3><img decoding=\"async\" class=\"logo\" src=\"https:\/\/realzaleprograma.realsociedad.eus\/public\/media\/2024\/10\/laperla.png\" alt=\"Logo\"><\/a><\/div><div class=\"item\"><a href=\"https:\/\/realzaleprograma.realsociedad.eus\/eu\/ventajas\/halcon-bidaiak\/\"><img loading=\"lazy\" decoding=\"async\" width=\"600\" height=\"800\" src=\"https:\/\/realzaleprograma.realsociedad.eus\/public\/media\/2024\/11\/1Y4A3127-realzale-programa-600x800.jpg\" class=\"attachment-cpt-featured-image size-cpt-featured-image wp-post-image\" alt=\"1Y4A3127 realzale programa\" \/><div class=\"cover\"><\/div><h3>Halc\u00f3n Bidaiak<\/h3><img decoding=\"async\" class=\"logo\" src=\"https:\/\/realzaleprograma.realsociedad.eus\/public\/media\/2024\/09\/halcon.png\" alt=\"Logo\"><\/a><\/div><div class=\"item\"><a href=\"https:\/\/realzaleprograma.realsociedad.eus\/eu\/ventajas\/euskoauto\/\"><img loading=\"lazy\" decoding=\"async\" width=\"600\" height=\"800\" src=\"https:\/\/realzaleprograma.realsociedad.eus\/public\/media\/2024\/11\/1Y4A3037-realzale-programa-600x800.jpg\" class=\"attachment-cpt-featured-image size-cpt-featured-image wp-post-image\" alt=\"1Y4A3037 realzale programa\" \/><div class=\"cover\"><\/div><h3>Euskoauto<\/h3><img decoding=\"async\" class=\"logo\" src=\"https:\/\/realzaleprograma.realsociedad.eus\/public\/media\/2024\/09\/euskoauto.png\" alt=\"Logo\"><\/a><\/div><div class=\"item\"><a href=\"https:\/\/realzaleprograma.realsociedad.eus\/eu\/ventajas\/grupo-repsol\/\"><img loading=\"lazy\" decoding=\"async\" width=\"600\" height=\"800\" src=\"https:\/\/realzaleprograma.realsociedad.eus\/public\/media\/2024\/11\/1Y4A3007-realzale-programa-600x800.jpg\" class=\"attachment-cpt-featured-image size-cpt-featured-image wp-post-image\" alt=\"1Y4A3007 realzale programa\" \/><div class=\"cover\"><\/div><h3>REPSOL<\/h3><img decoding=\"async\" class=\"logo\" src=\"https:\/\/realzaleprograma.realsociedad.eus\/public\/media\/2024\/09\/repsol.png\" alt=\"Logo\"><\/a><\/div><div class=\"item\"><a href=\"https:\/\/realzaleprograma.realsociedad.eus\/eu\/ventajas\/lexus-san-sebastian\/\"><img loading=\"lazy\" decoding=\"async\" width=\"600\" height=\"800\" src=\"https:\/\/realzaleprograma.realsociedad.eus\/public\/media\/2024\/11\/1Y4A3045-realzale-programa-600x800.jpg\" class=\"attachment-cpt-featured-image size-cpt-featured-image wp-post-image\" alt=\"1Y4A3045 realzale programa\" \/><div class=\"cover\"><\/div><h3>Lexus San Sebastian<\/h3><img decoding=\"async\" class=\"logo\" src=\"https:\/\/realzaleprograma.realsociedad.eus\/public\/media\/2025\/10\/lexus-scaled.png\" alt=\"Logo\"><\/a><\/div><div class=\"item\"><a href=\"https:\/\/realzaleprograma.realsociedad.eus\/eu\/ventajas\/chillida-leku\/\"><img loading=\"lazy\" decoding=\"async\" width=\"600\" height=\"800\" src=\"https:\/\/realzaleprograma.realsociedad.eus\/public\/media\/2024\/09\/1Y4A7860-600x800.jpg\" class=\"attachment-cpt-featured-image size-cpt-featured-image wp-post-image\" alt=\"1Y4A7860\" \/><div class=\"cover\"><\/div><h3>Chillida Leku<\/h3><img decoding=\"async\" class=\"logo\" src=\"https:\/\/realzaleprograma.realsociedad.eus\/public\/media\/2024\/09\/chillida.png\" alt=\"Logo\"><\/a><\/div><\/div><\/div>\n\n\n\n<div class=\"wp-block-uagb-container uagb-block-4f641e7d alignfull uagb-is-root-container\"><div class=\"owl-carousel\"><img decoding=\"async\" src=\"https:\/\/realzaleprograma.realsociedad.eus\/public\/themes\/maui\/img\/sectores\/eu\/educacion.jpg\"><div class=\"item\"><a href=\"https:\/\/realzaleprograma.realsociedad.eus\/eu\/ventajas\/chillida-leku\/\"><img loading=\"lazy\" decoding=\"async\" width=\"600\" height=\"800\" src=\"https:\/\/realzaleprograma.realsociedad.eus\/public\/media\/2024\/09\/1Y4A7860-600x800.jpg\" class=\"attachment-cpt-featured-image size-cpt-featured-image wp-post-image\" alt=\"1Y4A7860\" \/><div class=\"cover\"><\/div><h3>Chillida Leku<\/h3><img decoding=\"async\" class=\"logo\" src=\"https:\/\/realzaleprograma.realsociedad.eus\/public\/media\/2024\/09\/chillida.png\" alt=\"Logo\"><\/a><\/div><div class=\"item\"><a href=\"https:\/\/realzaleprograma.realsociedad.eus\/eu\/ventajas\/hazi-hezi\/\"><img loading=\"lazy\" decoding=\"async\" width=\"600\" height=\"800\" src=\"https:\/\/realzaleprograma.realsociedad.eus\/public\/media\/2024\/11\/1Y4A2952-2-realzale-programa-600x800.jpg\" class=\"attachment-cpt-featured-image size-cpt-featured-image wp-post-image\" alt=\"1Y4A2952 2 realzale programa\" \/><div class=\"cover\"><\/div><h3>Hazi &#038; Hezi<\/h3><img decoding=\"async\" class=\"logo\" src=\"https:\/\/realzaleprograma.realsociedad.eus\/public\/media\/2024\/10\/HAZI-HEZI.png\" alt=\"Logo\"><\/a><\/div><div class=\"item\"><a href=\"https:\/\/realzaleprograma.realsociedad.eus\/eu\/ventajas\/autoescuela-intentsiboa\/\"><img loading=\"lazy\" decoding=\"async\" width=\"600\" height=\"800\" src=\"https:\/\/realzaleprograma.realsociedad.eus\/public\/media\/2024\/11\/1Y4A3090-realzale-programa-600x800.jpg\" class=\"attachment-cpt-featured-image size-cpt-featured-image wp-post-image\" alt=\"1Y4A3090 realzale programa\" \/><div class=\"cover\"><\/div><h3>AUTOESCUELA INTENTSIBOA<\/h3><img decoding=\"async\" class=\"logo\" src=\"https:\/\/realzaleprograma.realsociedad.eus\/public\/media\/2024\/10\/AUTOESCUELA.png\" alt=\"Logo\"><\/a><\/div><div class=\"item\"><a href=\"https:\/\/realzaleprograma.realsociedad.eus\/eu\/ventajas\/laacademia-hizkuntzak\/\"><img loading=\"lazy\" decoding=\"async\" width=\"600\" height=\"800\" src=\"https:\/\/realzaleprograma.realsociedad.eus\/public\/media\/2024\/11\/1Y4A3142-realzale-programa-600x800.jpg\" class=\"attachment-cpt-featured-image size-cpt-featured-image wp-post-image\" alt=\"1Y4A3142 realzale programa\" \/><div class=\"cover\"><\/div><h3>LAACADEMIA<\/h3><img decoding=\"async\" class=\"logo\" src=\"https:\/\/realzaleprograma.realsociedad.eus\/public\/media\/2024\/10\/LAACADEMIA.png\" alt=\"Logo\"><\/a><\/div><div class=\"item\"><a href=\"https:\/\/realzaleprograma.realsociedad.eus\/eu\/ventajas\/laacademia-oposaketak\/\"><img loading=\"lazy\" decoding=\"async\" width=\"600\" height=\"800\" src=\"https:\/\/realzaleprograma.realsociedad.eus\/public\/media\/2024\/11\/1Y4A3153-realzale-programa-600x800.jpg\" class=\"attachment-cpt-featured-image size-cpt-featured-image wp-post-image\" alt=\"1Y4A3153 realzale programa\" \/><div class=\"cover\"><\/div><h3>LAACADEMIA OPOSAKETAK<\/h3><img decoding=\"async\" class=\"logo\" src=\"https:\/\/realzaleprograma.realsociedad.eus\/public\/media\/2024\/10\/LAACADEMIAoposaketak.png\" alt=\"Logo\"><\/a><\/div><\/div><\/div>\n\n\n\n<div class=\"wp-block-uagb-container uagb-block-f0ebb849 alignfull uagb-is-root-container\"><div class=\"owl-carousel\"><img decoding=\"async\" src=\"https:\/\/realzaleprograma.realsociedad.eus\/public\/themes\/maui\/img\/sectores\/eu\/moda.jpg\"><div class=\"item\"><a href=\"https:\/\/realzaleprograma.realsociedad.eus\/eu\/ventajas\/rs-store\/\"><img loading=\"lazy\" decoding=\"async\" width=\"600\" height=\"800\" src=\"https:\/\/realzaleprograma.realsociedad.eus\/public\/media\/2024\/09\/IMG_1153-600x800.jpg\" class=\"attachment-cpt-featured-image size-cpt-featured-image wp-post-image\" alt=\"IMG\" \/><div class=\"cover\"><\/div><h3>RS Store<\/h3><img decoding=\"async\" class=\"logo\" src=\"https:\/\/realzaleprograma.realsociedad.eus\/public\/media\/2024\/09\/rs-store.png\" alt=\"Logo\"><\/a><\/div><div class=\"item\"><a href=\"https:\/\/realzaleprograma.realsociedad.eus\/eu\/ventajas\/decathlon-belartza\/\"><img loading=\"lazy\" decoding=\"async\" width=\"600\" height=\"800\" src=\"https:\/\/realzaleprograma.realsociedad.eus\/public\/media\/2024\/11\/1Y4A2920-realzale-programa-600x800.jpg\" class=\"attachment-cpt-featured-image size-cpt-featured-image wp-post-image\" alt=\"1Y4A2920 realzale programa\" \/><div class=\"cover\"><\/div><h3>DECATHLON GIPUZKOA<\/h3><img decoding=\"async\" class=\"logo\" src=\"https:\/\/realzaleprograma.realsociedad.eus\/public\/media\/2024\/10\/DECATHLON.png\" alt=\"Logo\"><\/a><\/div><div class=\"item\"><a href=\"https:\/\/realzaleprograma.realsociedad.eus\/eu\/ventajas\/ibk-bike\/\"><img loading=\"lazy\" decoding=\"async\" width=\"600\" height=\"800\" src=\"https:\/\/realzaleprograma.realsociedad.eus\/public\/media\/2024\/11\/1Y4A2934-2-realzale-programa-600x800.jpg\" class=\"attachment-cpt-featured-image size-cpt-featured-image wp-post-image\" alt=\"1Y4A2934 2 realzale programa\" \/><div class=\"cover\"><\/div><h3>IBK Bike<\/h3><img decoding=\"async\" class=\"logo\" src=\"https:\/\/realzaleprograma.realsociedad.eus\/public\/media\/2024\/09\/ibk.png\" alt=\"Logo\"><\/a><\/div><\/div>\n\n\n<div class=\"wp-block-uagb-buttons uagb-buttons__outer-wrap uagb-btn__default-btn uagb-btn-tablet__default-btn uagb-btn-mobile__default-btn uagb-block-e4043195\"><div class=\"uagb-buttons__wrap uagb-buttons-layout-wrap \">\n<div class=\"wp-block-uagb-buttons-child uagb-buttons__outer-wrap uagb-block-e43d3be0 wp-block-button\"><div class=\"uagb-button__wrapper\"><a class=\"uagb-buttons-repeater wp-block-button__link\" aria-label=\"\" href=\"http:\/\/realzaleprograma.realsociedad.eus\/eu\/ventajas\/\" rel=\"follow noopener\" target=\"_self\" role=\"button\"><div class=\"uagb-button__link\">DENAK IKUSI<\/div><\/a><\/div><\/div>\n<\/div><\/div>\n<\/div>\n\n\n\n<p><\/p>\n","protected":false},"excerpt":{"rendered":"<p>GEHIAGO ETORTZEA GUTXIAGO ORDAINTZEA DA Kontsumitu Realzale Programaren markak, realzale gisa identifikatu eta puntuak pilatu hilabetez hilabete. Bazkide bazara, Reale Arenara zenbat aldiz joaten zaren kontuan hartuta, zure puntuak euro bihurtuko dira. Lortzen duzun dirua zure kuotagatik gutxiago ordaintzeko erabili dezakezu edo beste realzale bati oparitu diezaiokezu. Ez dago mugarik! SEKTORE BAKOITZAK DITUEN ABANTAILAK Gure [&hellip;]<\/p>\n","protected":false},"author":1,"featured_media":0,"parent":0,"menu_order":0,"comment_status":"closed","ping_status":"closed","template":"homepage.php","meta":{"_acf_changed":false,"_uag_custom_page_level_css":"","slim_seo":{"description":"Si eres socio, en funci\u00f3n del n\u00famero de veces que acudas al Reale Arena, tus puntos se convertir\u00e1n en euros.","title":"Realzale Programa - Real Sociedad"},"footnotes":""},"class_list":["post-396","page","type-page","status-publish","hentry"],"acf":[],"uagb_featured_image_src":{"full":false,"thumbnail":false,"medium":false,"medium_large":false,"large":false,"1536x1536":false,"2048x2048":false,"cpt-featured-image":false},"uagb_author_info":{"display_name":"Real Sociedad","author_link":"https:\/\/realzaleprograma.realsociedad.eus\/eu\/author\/axliweb\/"},"uagb_comment_info":0,"uagb_excerpt":"GEHIAGO ETORTZEA GUTXIAGO ORDAINTZEA DA Kontsumitu Realzale Programaren markak, realzale gisa identifikatu eta puntuak pilatu hilabetez hilabete. Bazkide bazara, Reale Arenara zenbat aldiz joaten zaren kontuan hartuta, zure puntuak euro bihurtuko dira. Lortzen duzun dirua zure kuotagatik gutxiago ordaintzeko erabili dezakezu edo beste realzale bati oparitu diezaiokezu. Ez dago mugarik! SEKTORE BAKOITZAK DITUEN ABANTAILAK Gure&hellip;","_links":{"self":[{"href":"https:\/\/realzaleprograma.realsociedad.eus\/eu\/wp-json\/wp\/v2\/pages\/396","targetHints":{"allow":["GET"]}}],"collection":[{"href":"https:\/\/realzaleprograma.realsociedad.eus\/eu\/wp-json\/wp\/v2\/pages"}],"about":[{"href":"https:\/\/realzaleprograma.realsociedad.eus\/eu\/wp-json\/wp\/v2\/types\/page"}],"author":[{"embeddable":true,"href":"https:\/\/realzaleprograma.realsociedad.eus\/eu\/wp-json\/wp\/v2\/users\/1"}],"replies":[{"embeddable":true,"href":"https:\/\/realzaleprograma.realsociedad.eus\/eu\/wp-json\/wp\/v2\/comments?post=396"}],"version-history":[{"count":12,"href":"https:\/\/realzaleprograma.realsociedad.eus\/eu\/wp-json\/wp\/v2\/pages\/396\/revisions"}],"predecessor-version":[{"id":618,"href":"https:\/\/realzaleprograma.realsociedad.eus\/eu\/wp-json\/wp\/v2\/pages\/396\/revisions\/618"}],"wp:attachment":[{"href":"https:\/\/realzaleprograma.realsociedad.eus\/eu\/wp-json\/wp\/v2\/media?parent=396"}],"curies":[{"name":"wp","href":"https:\/\/api.w.org\/{rel}","templated":true}]}}